{"id":1759,"date":"2017-10-14T19:05:14","date_gmt":"2017-10-14T18:05:14","guid":{"rendered":"https:\/\/development.stedtnitz.ch\/?page_id=1759"},"modified":"2026-03-16T17:23:07","modified_gmt":"2026-03-16T15:23:07","slug":"ulrike-stedtnitz-coach","status":"publish","type":"page","link":"https:\/\/stedtnitz.ch\/en\/ulrike-stedtnitz-coach\/","title":{"rendered":"Ulrike Stedtnitz Coach Page"},"content":{"rendered":"<p>[vc_row full_width=&#8221;stretch_row_content_no_spaces&#8221; css=&#8221;.vc_custom_1773674434879{background-position: center !important;background-repeat: no-repeat !important;background-size: cover !important;}&#8221;][vc_column el_class=&#8221;ml-lg-6 ml-md-6 ml-sm-6 ml-0&#8243;][vc_column_text css=&#8221;.vc_custom_1773674481167{margin-top: 350px !important;}&#8221; el_id=&#8221;intro-text-en&#8221;]<\/p>\n<h1 class=\"ml-lg-0 ml-md-0 ml-sm-0 ml-3 light-shadow\" style=\"color: #333333; margin-bottom: 0; text-align: center;\">Dr. Ulrike Stedtnitz<br \/>\nCEO and senior consultant<\/h1>\n<p>[\/vc_column_text][vc_single_image image=&#8221;11042&#8243; img_size=&#8221;large&#8221; alignment=&#8221;center&#8221;][\/vc_column][\/vc_row][vc_row gap=&#8221;10&#8243; css=&#8221;.vc_custom_1506256883584{margin-top: 0px !important;padding-right: 30px !important;padding-left: 30px !important;}&#8221;][vc_column width=&#8221;1\/3&#8243;][vc_text_separator title=&#8221;Coaches&#8221; title_align=&#8221;separator_align_left&#8221;][vc_wp_custommenu nav_menu=&#8221;29&#8243;][\/vc_column][vc_column width=&#8221;2\/3&#8243;][vc_video link=&#8221;https:\/\/vimeo.com\/311378957&#8243; el_width=&#8221;80&#8243; align=&#8221;center&#8221;][vc_column_text]<\/p>\n<h4 class=\"above-line\" style=\"color: black; margin-bottom: 0; margin-top: 25px;\">Dr. Ulrike Stedtnitz<\/h4>\n<h5 style=\"color: black; margin-top: 0;\">CEO &amp; Founder Stedtnitz. design your life GmbH<\/h5>\n<p>For more than 30 years, I have been working with identifying and developing strengths and resources using the most up-to-date research (Sternberg, Gardner, Dweck, etc.). I constantly incorporate the latest discoveries in neuropsychology, creativity and emotional health into my work. My ongoing areas of expertise are high abilities and talent development. In my consultations I work with the most effective methods using a solution- and goal-oriented approach. Complex situations and challenges bring me joy.[\/vc_column_text][vc_tta_accordion active_section=&#8221;999&#8243; collapsible_all=&#8221;true&#8221;][vc_tta_section title=&#8221;Curriculum Vitae&#8221; tab_id=&#8221;1506066657787-a5f839e4-52d2&#8243;][vc_column_text][\/vc_column_text][vc_column_text]<\/p>\n<h5><strong>Dr. Ulrike Stedtnitz, Cert. Ed. Psychologist\u00a0<\/strong><\/h5>\n<p><strong>Founder and CEO<\/strong>, <strong><em>stedtnitz.design your life.GmbH<\/em>, founded in 1986<\/strong><\/p>\n<p><strong>Core competences are strength-based assessments\/evaluations for adults, teens and children; Life Design Concepts, career and life coaching, international educational consultation.\u00a0<\/strong><\/p>\n<p>&nbsp;<\/p>\n<h5><strong>Pionier Projects in Education<\/strong><\/h5>\n<p><em>LISSA Competition<\/em> for the leading strength-based educational projects in Switzerland, with the <em>Foundation for Gifted Children<\/em>, Zurich, <a href=\"http:\/\/www.lissa-preis.ch\">www.lissa-preis.ch<\/a>. Concept and kick-off, member of the jury, 2004-2023<\/p>\n<p>&nbsp;<\/p>\n<p>Member of the Executive Board, <em>Foundation for Gifted Children<\/em>, Zurich, 2000-2007, <a href=\"http:\/\/www.hochbegabt.ch\">www.hochbegabt.ch<\/a><\/p>\n<p>&nbsp;<\/p>\n<p>Kick-off and co-organization of a leading symposium on education of the gifted and talented, 2002-2008 (<a href=\"http:\/\/www.symposium-begabung.ch\/\">www.symposium-begabung.ch<\/a>)<\/p>\n<p>&nbsp;<\/p>\n<p>Professional resource\/consultant for undergraduate and graduate programs for strength-based pedagogy in Switzerland and Austria, 2002-2008<\/p>\n<p>&nbsp;<\/p>\n<p>Kick-off of the now leading M.A. and B.A. program in GT education in Switzerland at FHNW Basel 2005, in cooperation with Dr. J. Renzulli and the <em>NEAG Center of Gifted Education<\/em> at the U. of Connecticut, <a href=\"http:\/\/www.gifted.uconn.edu\">www.gifted.uconn.edu<\/a><\/p>\n<p>&nbsp;<\/p>\n<p>Concept and organization of the first two-year intensive program in GT education for educators in Switzerland, 1999-2001<\/p>\n<p>&nbsp;<\/p>\n<p>Consultant for the founding committee of the <em>Swiss Study Foundation<\/em>, <a href=\"http:\/\/www.studienstiftung.ch\">www.studienstiftung.ch<\/a>, commissioned as an expert on assessment and selection, 1992<\/p>\n<p>&nbsp;<\/p>\n<p>Chairwoman\/Director of the first international ECHA Conference in Zurich, concept, financial responsibility, fundraising, coordination, 1986-1988<\/p>\n<p>&nbsp;<\/p>\n<p>Member of the founding and Executive Committee of the <em>European Council for High Ability ECHA<\/em>, 1986-90. Coordination of European activities in GT research and education at the international and regional level, launching of a teacher training concept, planning of regional conferences,\u00a0<a href=\"http:\/\/www.echa.info\/\">http:\/\/www.echa.info\/<\/a><\/p>\n<p>&nbsp;<\/p>\n<p>Director of a Kindergarten project on talent development, concept and organization. <em>Early Childhood Learning Center<\/em>, Manchester CT, USA, 1981-1985<\/p>\n<p>&nbsp;<\/p>\n<h5><strong>Consulting\/Seminars<\/strong><\/h5>\n<p>International Seminar <em>Women and Leadership<\/em> for BPW International (Co-Presenter with Dr. Antoinette Ruegg, Past President BPW), New York, 2010<\/p>\n<p>&nbsp;<\/p>\n<p>Seminars and presentations for companies, organizations and institutions, such as <em>Bank Sarasin<\/em> Basel, <em>Credit Suisse<\/em> Human Resources Zurich, Children`s Hospital Zurich, <em>Google Zurich<\/em>, <em>Roche<\/em> Corporate Human Resources Basel, <em>Roche Diagnostics<\/em>, <em>Roche<\/em> Leadership Development,\u00a0<em>Swiss Study Foundation <\/em>Zurich, <em>Swiss Life <\/em>and numerous others.<\/p>\n<p><em>\u00a0<\/em><\/p>\n<h5><strong>Teaching\/Supervision<\/strong><\/h5>\n<p>Certified Supervisor for the Post-Graduate Curriculum of SKJP, 2014\u20132021 (Swiss Psychologists for Children and Youth, <a href=\"http:\/\/www.skjp.ch\">www.skjp.ch<\/a> )<\/p>\n<p>&nbsp;<\/p>\n<p>Graduate Level lecturer on GT education at Swiss and German colleges and universities, 1985-2008<\/p>\n<p>(Hochschule f\u00fcr Angewandte Psychologie Z\u00fcrich, Interkantonale Hochschule f\u00fcr Heilp\u00e4dagogik Z\u00fcrich, FHNW Liestal, FH Aarau, FH Rorschach, FHNW, U. Cologne, U. Osnabr\u00fcck)<\/p>\n<p>&nbsp;<\/p>\n<p>Lecturer, U. of Connecticut, Educational Psychology, Graduate Level, 1983-1985<\/p>\n<p>&nbsp;<\/p>\n<p>Assistant Professor, Eastern Kentucky University, Curriculum and Instruction, 1983<\/p>\n<p>&nbsp;<\/p>\n<h5><strong>Education<\/strong><\/h5>\n<p>Continuous education in talent development, career counseling, assessment, coaching, diagnostic work and interventions for attention and learning issues, in nutrition and integrative medicine since 1978<\/p>\n<p>&nbsp;<\/p>\n<p><strong>Metaplan Professional<\/strong>, 2012<\/p>\n<p>&nbsp;<\/p>\n<p><strong>Ph.D. in Educational Psychology and Curriculum and Instruction<\/strong>, U. of Connecticut (with Prof. J.S. Renzulli, 1985)<\/p>\n<p>&nbsp;<\/p>\n<p><strong>M.A. in Education and Psychology of the Gifted and Talented<\/strong>, U. of Connecticut, 1982<\/p>\n<p>&nbsp;<\/p>\n<p><strong>B.A. in Behavioral Sciences<\/strong>, California State Polytechnic University, Pomona USA, summa cum laude, 1980<\/p>\n<p>&nbsp;<\/p>\n<p><strong>Primary Teaching Certificate<\/strong> Kanton ZH, Oberseminar Z\u00fcrich, 1976<\/p>\n<p>&nbsp;<\/p>\n<h5><strong>Further Education<\/strong><\/h5>\n<p>Burnout (several conferences), <em>Swiss Expert Network on Burnout<\/em><\/p>\n<p><em>Creating and Nourishing a Culture of Leadership<\/em>, Birgitt Williams, Canada<\/p>\n<p><em>Dialectic Behavioral Therapy Basic Training<\/em>, AWP Freiburg DE<\/p>\n<p>Voice Work mit Noah Pikes, Zurich<\/p>\n<p>Dyslexia and Dyscalculia (numerous trainings and conferences)<\/p>\n<p><em>Introduction to PSI-Theorie of Julius Kuhl<\/em>, Institute PSI Switzerland<\/p>\n<p>5-Rhythms Dance Work with Gabrielle Roth, Andreas Tr\u00f6ndle<\/p>\n<p>Professional Dialog with Dr. Fritz Jansen, Munich<\/p>\n<p><em>Impact Self Defense<\/em>, Basic Training for women, Zurich<\/p>\n<p><em>The Intensive Journal Method<\/em>, Dr. Ira Progroff, New York<\/p>\n<p>Processoriented Psychology with Amy und Arnold Mindell, Zurich<\/p>\n<p>Quantitative EEG, Event Related Potentials and Neurotherapy, Prof. Juri D. Kropotov, St. Petersburg<\/p>\n<p>Rhetoric Training with Matthias P\u00f6hm, <em>P\u00f6hm Seminarfactory<\/em> Zurich<\/p>\n<p>Teaching and Learning Styles, Dr. Anthony Gregorc, CT USA<\/p>\n<p>Therapeutic work with Gestalt Therapy, Dr. Ruth Buzinsky, U. of Connecticut USA<\/p>\n<p>Therapeutic work and supervision with Process Oriented Psychology, Dr. Julie Diamond, Zurich<\/p>\n<p>Trauma and Polyvagal Theory, Prof. Dr. Stephen Porges, U. of Illinois, Chicago<\/p>\n<p>Cont. training in energy work since 1986 (Feng Shui, Arcturian Healing, Pranic Healing, shamanic work, meditation)<\/p>\n<p>&nbsp;<\/p>\n<h5><strong>\u00a0Publications<\/strong><\/h5>\n<p>Stedtnitz, U. <em>Mythos Begabung. Vom Potenzial zum Erfolg.<\/em> Huber, 2008<\/p>\n<p>Stedtnitz, U. <em>Sprengen Sie den Rahmen. In 9 Schritten zum pers\u00f6nlichen Work-Life-Konzept.<\/em> Orell-F\u00fcssli, 2003<\/p>\n<p>Renzulli, J.S., Reis, S.M. &amp; Stedtnitz, Ulrike. <em>Das schulische Enrichment Modell SEM. Begabungsf\u00f6rderung ohne Elitebildung. <\/em>Sauerl\u00e4nder, 2001 (German adaptation of <em>The Schoolwide Enrichment Model. A How-to Guide for Educational Excellence<\/em>, J.S. Renzulli &amp; S.M. Reis 2nd Ed., Creative Learning Press, 1997)<\/p>\n<p>&nbsp;<\/p>\n<p>More than 50 articles in professional publications and contributions to books since 1983<\/p>\n<p>&nbsp;<\/p>\n<h5><strong>Awards and Media<\/strong><\/h5>\n<p>Mention in <em>Who`s Who in the World<\/em>, 1999 and 2000<\/p>\n<p>Repeatedly covered in the Swiss media since 1985 (TV, Radio, Print)<\/p>\n<p>Fellowship of the <em>Noyes Foundation<\/em>, USA<\/p>\n<p><em>Phi Kappa Phi National Honor Society<\/em>, USA[\/vc_column_text][\/vc_tta_section][\/vc_tta_accordion][vc_text_separator title=&#8221;Coachings&#8221; title_align=&#8221;separator_align_left&#8221; css=&#8221;.vc_custom_1506258283869{margin-top: 30px !important;}&#8221;][vc_btn title=&#8221;LIFE DESIGN&#8221; style=&#8221;outline&#8221; color=&#8221;primary&#8221; link=&#8221;url:%2Fen%2Flife-design-concept%2F|title:More%20about%20Life%20Design%20Concept||&#8221; el_class=&#8221;mr-3&#8243;][vc_btn title=&#8221;Career and Educational Coaching&#8221; style=&#8221;outline&#8221; color=&#8221;primary&#8221; link=&#8221;url:%2Fen%2Fcareer-educational-coaching%2F|title:Career%20and%20Educational%20Coaching||&#8221; el_class=&#8221;mr-3&#8243;][vc_btn title=&#8221;Follow Your Dreams&#8221; style=&#8221;outline&#8221; color=&#8221;primary&#8221; link=&#8221;url:%2Fen%2Ffollow-your-dreams%2F|title:More%20about%20Coaching%20Follow%20your%20dreams||&#8221; el_class=&#8221;mr-3&#8243;][vc_btn title=&#8221;Strength-Based Assessment for Children&#8221; style=&#8221;outline&#8221; color=&#8221;primary&#8221; link=&#8221;url:%2Fen%2Fstrength-based-assessments-for-children-and-teens%2F|title:Strength-Based%20Assessment%20for%20Children||&#8221; el_class=&#8221;mr-3&#8243;][vc_btn title=&#8221;COACHING FOR PARENTS&#8221; style=&#8221;outline&#8221; color=&#8221;primary&#8221; link=&#8221;url:https%3A%2F%2Fwww.stedtnitz.ch%2Fen%2Fcoaching-parents-second-opinion%2F|title:More%20about%20360%C2%B0%20Coaching%20for%20Parents||&#8221; el_class=&#8221;mr-3&#8243;][vc_btn title=&#8221;PROFESSIONAL GROWTH&#8221; style=&#8221;outline&#8221; color=&#8221;primary&#8221; link=&#8221;url:https%3A%2F%2Fwww.stedtnitz.ch%2Fen%2Fprofessional-growth-assessment%2F|title:More%20about%20Professional%20Growth||&#8221; el_class=&#8221;mr-3&#8243;][vc_btn title=&#8221;Reorientation&#8221; style=&#8221;outline&#8221; color=&#8221;primary&#8221; link=&#8221;url:%2Fen%2Flife-design-concept-premium%2F|title:Reorientation||&#8221; el_class=&#8221;mr-3&#8243;][vc_btn title=&#8221;Burnout Care&#8221; style=&#8221;outline&#8221; color=&#8221;primary&#8221; link=&#8221;url:%2Fen%2Fcompact-coaching-burnout-prevention-and-resilience%2F|title:More%20about%20Compact%20Coaching%20Burnout||&#8221; el_class=&#8221;mr-3&#8243;][vc_text_separator title=&#8221;Social Media&#8221; title_align=&#8221;separator_align_left&#8221; css=&#8221;.vc_custom_1506257551157{margin-top: 15px !important;}&#8221;][vc_icon icon_fontawesome=&#8221;fa fa-phone-square&#8221; color=&#8221;custom&#8221; background_style=&#8221;rounded&#8221; background_color=&#8221;custom&#8221; size=&#8221;sm&#8221; align=&#8221;center&#8221; link=&#8221;url:tel%3A%2B41443413230|||&#8221;][vc_icon icon_fontawesome=&#8221;fa fa-envelope&#8221; color=&#8221;custom&#8221; background_style=&#8221;rounded&#8221; background_color=&#8221;custom&#8221; size=&#8221;sm&#8221; align=&#8221;center&#8221; link=&#8221;url:mailto%3Aulrike.stedtnitz%40stedtnitz.ch|||&#8221;][vc_icon icon_fontawesome=&#8221;fa fa-linkedin-square&#8221; color=&#8221;custom&#8221; background_style=&#8221;rounded&#8221; background_color=&#8221;custom&#8221; size=&#8221;sm&#8221; align=&#8221;center&#8221; link=&#8221;url:https%3A%2F%2Fch.linkedin.com%2Fin%2Fulrike-stedtnitz-07406616%2Fde|title:Link%20zu%20Ulrike%20Stednitzs%20Profil%20||&#8221;][vc_icon icon_fontawesome=&#8221;fa fa-instagram&#8221; color=&#8221;custom&#8221; background_style=&#8221;rounded&#8221; background_color=&#8221;custom&#8221; size=&#8221;sm&#8221; align=&#8221;center&#8221; link=&#8221;url:https%3A%2F%2Fwww.instagram.com%2Fstedtnitz.designyourlife%2F|title:Link%20zu%20Ulrike%20Stednitzs%20Profil%20|target:%20_blank|&#8221;][\/vc_column][\/vc_row]<\/p>\n","protected":false},"excerpt":{"rendered":"<p>[vc_row full_width=&#8221;stretch_row_content_no_spaces&#8221; css=&#8221;.vc_custom_1773674434879{background-position: center !important;background-repeat: no-repeat !important;background-size: cover !important;}&#8221;][vc_column el_class=&#8221;ml-lg-6 ml-md-6 ml-sm-6 ml-0&#8243;][vc_column_text css=&#8221;.vc_custom_1773674481167{margin-top: 350px !important;}&#8221; el_id=&#8221;intro-text-en&#8221;] Dr. Ulrike Stedtnitz CEO and senior consultant [\/vc_column_text][vc_single_image image=&#8221;11042&#8243; img_size=&#8221;large&#8221; alignment=&#8221;center&#8221;][\/vc_column][\/vc_row][vc_row gap=&#8221;10&#8243; css=&#8221;.vc_custom_1506256883584{margin-top: 0px !important;padding-right: 30px !important;padding-left: 30px !important;}&#8221;][vc_column width=&#8221;1\/3&#8243;][vc_text_separator title=&#8221;Coaches&#8221; title_align=&#8221;separator_align_left&#8221;][vc_wp_custommenu nav_menu=&#8221;29&#8243;][\/vc_column][vc_column width=&#8221;2\/3&#8243;][vc_video link=&#8221;https:\/\/vimeo.com\/311378957&#8243; el_width=&#8221;80&#8243; align=&#8221;center&#8221;][vc_column_text] Dr. Ulrike Stedtnitz CEO &amp; Founder Stedtnitz. design your life GmbH [&hellip;]<\/p>\n","protected":false},"author":5,"featured_media":0,"parent":0,"menu_order":0,"comment_status":"closed","ping_status":"closed","template":"","meta":[],"yoast_head":"<!-- This site is optimized with the Yoast SEO plugin v18.6 - https:\/\/yoast.com\/wordpress\/plugins\/seo\/ -->\n<title>Dr. Ulrike Stedtnitz \u2013 stedtnitz. design your life GmbH<\/title>\n<meta name=\"description\" content=\"Dr. Ulrike Stedtnitz - CEO &amp; Founder of stedtnitz. design your life GmbH\" \/>\n<meta name=\"robots\" content=\"index, follow, max-snippet:-1, max-image-preview:large, max-video-preview:-1\" \/>\n<link rel=\"canonical\" href=\"https:\/\/stedtnitz.ch\/en\/ulrike-stedtnitz-coach\/\" \/>\n<meta property=\"og:locale\" content=\"en_US\" \/>\n<meta property=\"og:type\" content=\"article\" \/>\n<meta property=\"og:title\" content=\"Dr. Ulrike Stedtnitz \u2013 stedtnitz. design your life GmbH\" \/>\n<meta property=\"og:description\" content=\"Dr. Ulrike Stedtnitz - CEO &amp; Founder of stedtnitz. design your life GmbH\" \/>\n<meta property=\"og:url\" content=\"https:\/\/stedtnitz.ch\/en\/ulrike-stedtnitz-coach\/\" \/>\n<meta property=\"og:site_name\" content=\"stedtnitz\" \/>\n<meta property=\"article:modified_time\" content=\"2026-03-16T15:23:07+00:00\" \/>\n<meta name=\"twitter:card\" content=\"summary_large_image\" \/>\n<meta name=\"twitter:label1\" content=\"Est. reading time\" \/>\n\t<meta name=\"twitter:data1\" content=\"5 minutes\" \/>\n<script type=\"application\/ld+json\" class=\"yoast-schema-graph\">{\"@context\":\"https:\/\/schema.org\",\"@graph\":[{\"@type\":\"Organization\",\"@id\":\"https:\/\/stedtnitz.ch\/#organization\",\"name\":\"stedtnitz. design your life\",\"url\":\"https:\/\/stedtnitz.ch\/\",\"sameAs\":[],\"logo\":{\"@type\":\"ImageObject\",\"@id\":\"https:\/\/stedtnitz.ch\/#logo\",\"inLanguage\":\"en-US\",\"url\":\"https:\/\/stedtnitz.ch\/wp-content\/uploads\/2021\/04\/Stedtnitz.design-your-life-Logo-Kopie.png\",\"contentUrl\":\"https:\/\/stedtnitz.ch\/wp-content\/uploads\/2021\/04\/Stedtnitz.design-your-life-Logo-Kopie.png\",\"width\":981,\"height\":138,\"caption\":\"stedtnitz. design your life\"},\"image\":{\"@id\":\"https:\/\/stedtnitz.ch\/#logo\"}},{\"@type\":\"WebSite\",\"@id\":\"https:\/\/stedtnitz.ch\/#website\",\"url\":\"https:\/\/stedtnitz.ch\/\",\"name\":\"stedtnitz\",\"description\":\"design your life\",\"publisher\":{\"@id\":\"https:\/\/stedtnitz.ch\/#organization\"},\"potentialAction\":[{\"@type\":\"SearchAction\",\"target\":{\"@type\":\"EntryPoint\",\"urlTemplate\":\"https:\/\/stedtnitz.ch\/?s={search_term_string}\"},\"query-input\":\"required name=search_term_string\"}],\"inLanguage\":\"en-US\"},{\"@type\":\"WebPage\",\"@id\":\"https:\/\/stedtnitz.ch\/en\/ulrike-stedtnitz-coach\/#webpage\",\"url\":\"https:\/\/stedtnitz.ch\/en\/ulrike-stedtnitz-coach\/\",\"name\":\"Dr. Ulrike Stedtnitz \u2013 stedtnitz. design your life GmbH\",\"isPartOf\":{\"@id\":\"https:\/\/stedtnitz.ch\/#website\"},\"datePublished\":\"2017-10-14T18:05:14+00:00\",\"dateModified\":\"2026-03-16T15:23:07+00:00\",\"description\":\"Dr. Ulrike Stedtnitz - CEO & Founder of stedtnitz. design your life GmbH\",\"breadcrumb\":{\"@id\":\"https:\/\/stedtnitz.ch\/en\/ulrike-stedtnitz-coach\/#breadcrumb\"},\"inLanguage\":\"en-US\",\"potentialAction\":[{\"@type\":\"ReadAction\",\"target\":[\"https:\/\/stedtnitz.ch\/en\/ulrike-stedtnitz-coach\/\"]}]},{\"@type\":\"BreadcrumbList\",\"@id\":\"https:\/\/stedtnitz.ch\/en\/ulrike-stedtnitz-coach\/#breadcrumb\",\"itemListElement\":[{\"@type\":\"ListItem\",\"position\":1,\"name\":\"Startseite\",\"item\":\"https:\/\/stedtnitz.ch\/en\/\"},{\"@type\":\"ListItem\",\"position\":2,\"name\":\"Ulrike Stedtnitz Coach Page\"}]}]}<\/script>\n<!-- \/ Yoast SEO plugin. -->","yoast_head_json":{"title":"Dr. Ulrike Stedtnitz \u2013 stedtnitz. design your life GmbH","description":"Dr. Ulrike Stedtnitz - CEO & Founder of stedtnitz. design your life GmbH","robots":{"index":"index","follow":"follow","max-snippet":"max-snippet:-1","max-image-preview":"max-image-preview:large","max-video-preview":"max-video-preview:-1"},"canonical":"https:\/\/stedtnitz.ch\/en\/ulrike-stedtnitz-coach\/","og_locale":"en_US","og_type":"article","og_title":"Dr. Ulrike Stedtnitz \u2013 stedtnitz. design your life GmbH","og_description":"Dr. Ulrike Stedtnitz - CEO & Founder of stedtnitz. design your life GmbH","og_url":"https:\/\/stedtnitz.ch\/en\/ulrike-stedtnitz-coach\/","og_site_name":"stedtnitz","article_modified_time":"2026-03-16T15:23:07+00:00","twitter_card":"summary_large_image","twitter_misc":{"Est. reading time":"5 minutes"},"schema":{"@context":"https:\/\/schema.org","@graph":[{"@type":"Organization","@id":"https:\/\/stedtnitz.ch\/#organization","name":"stedtnitz. design your life","url":"https:\/\/stedtnitz.ch\/","sameAs":[],"logo":{"@type":"ImageObject","@id":"https:\/\/stedtnitz.ch\/#logo","inLanguage":"en-US","url":"https:\/\/stedtnitz.ch\/wp-content\/uploads\/2021\/04\/Stedtnitz.design-your-life-Logo-Kopie.png","contentUrl":"https:\/\/stedtnitz.ch\/wp-content\/uploads\/2021\/04\/Stedtnitz.design-your-life-Logo-Kopie.png","width":981,"height":138,"caption":"stedtnitz. design your life"},"image":{"@id":"https:\/\/stedtnitz.ch\/#logo"}},{"@type":"WebSite","@id":"https:\/\/stedtnitz.ch\/#website","url":"https:\/\/stedtnitz.ch\/","name":"stedtnitz","description":"design your life","publisher":{"@id":"https:\/\/stedtnitz.ch\/#organization"},"potentialAction":[{"@type":"SearchAction","target":{"@type":"EntryPoint","urlTemplate":"https:\/\/stedtnitz.ch\/?s={search_term_string}"},"query-input":"required name=search_term_string"}],"inLanguage":"en-US"},{"@type":"WebPage","@id":"https:\/\/stedtnitz.ch\/en\/ulrike-stedtnitz-coach\/#webpage","url":"https:\/\/stedtnitz.ch\/en\/ulrike-stedtnitz-coach\/","name":"Dr. Ulrike Stedtnitz \u2013 stedtnitz. design your life GmbH","isPartOf":{"@id":"https:\/\/stedtnitz.ch\/#website"},"datePublished":"2017-10-14T18:05:14+00:00","dateModified":"2026-03-16T15:23:07+00:00","description":"Dr. Ulrike Stedtnitz - CEO & Founder of stedtnitz. design your life GmbH","breadcrumb":{"@id":"https:\/\/stedtnitz.ch\/en\/ulrike-stedtnitz-coach\/#breadcrumb"},"inLanguage":"en-US","potentialAction":[{"@type":"ReadAction","target":["https:\/\/stedtnitz.ch\/en\/ulrike-stedtnitz-coach\/"]}]},{"@type":"BreadcrumbList","@id":"https:\/\/stedtnitz.ch\/en\/ulrike-stedtnitz-coach\/#breadcrumb","itemListElement":[{"@type":"ListItem","position":1,"name":"Startseite","item":"https:\/\/stedtnitz.ch\/en\/"},{"@type":"ListItem","position":2,"name":"Ulrike Stedtnitz Coach Page"}]}]}},"_links":{"self":[{"href":"https:\/\/stedtnitz.ch\/en\/wp-json\/wp\/v2\/pages\/1759"}],"collection":[{"href":"https:\/\/stedtnitz.ch\/en\/wp-json\/wp\/v2\/pages"}],"about":[{"href":"https:\/\/stedtnitz.ch\/en\/wp-json\/wp\/v2\/types\/page"}],"author":[{"embeddable":true,"href":"https:\/\/stedtnitz.ch\/en\/wp-json\/wp\/v2\/users\/5"}],"replies":[{"embeddable":true,"href":"https:\/\/stedtnitz.ch\/en\/wp-json\/wp\/v2\/comments?post=1759"}],"version-history":[{"count":40,"href":"https:\/\/stedtnitz.ch\/en\/wp-json\/wp\/v2\/pages\/1759\/revisions"}],"predecessor-version":[{"id":11055,"href":"https:\/\/stedtnitz.ch\/en\/wp-json\/wp\/v2\/pages\/1759\/revisions\/11055"}],"wp:attachment":[{"href":"https:\/\/stedtnitz.ch\/en\/wp-json\/wp\/v2\/media?parent=1759"}],"curies":[{"name":"wp","href":"https:\/\/api.w.org\/{rel}","templated":true}]}}